{"id":241,"date":"2023-12-18T18:45:28","date_gmt":"2023-12-18T18:45:28","guid":{"rendered":"https:\/\/parrillastreet.com\/Home\/?page_id=241"},"modified":"2025-03-29T18:31:31","modified_gmt":"2025-03-29T18:31:31","slug":"parrilla-street-localizacion","status":"publish","type":"page","link":"https:\/\/parrillastreet.com\/Home\/parrilla-street-localizacion\/","title":{"rendered":"localizacion"},"content":{"rendered":"\t\t<div data-elementor-type=\"wp-page\" data-elementor-id=\"241\" class=\"elementor elementor-241\" data-elementor-post-type=\"page\">\n\t\t\t\t<div class=\"elementor-element elementor-element-2fd2c462 e-flex e-con-boxed e-con e-parent\" data-id=\"2fd2c462\" data-element_type=\"container\" data-e-type=\"container\" data-settings=\"{&quot;background_background&quot;:&quot;classic&quot;}\">\n\t\t\t\t\t<div class=\"e-con-inner\">\n\t\t<div class=\"elementor-element elementor-element-5587f1c9 e-flex e-con-boxed e-con e-child\" data-id=\"5587f1c9\" data-element_type=\"container\" data-e-type=\"container\">\n\t\t\t\t\t<div class=\"e-con-inner\">\n\t\t\t\t<div class=\"elementor-element elementor-element-63a1b52f animated-slow elementor-invisible elementor-widget elementor-widget-heading\" data-id=\"63a1b52f\" data-element_type=\"widget\" data-e-type=\"widget\" data-settings=\"{&quot;_animation&quot;:&quot;slideInUp&quot;}\" data-widget_type=\"heading.default\">\n\t\t\t\t<div class=\"elementor-widget-container\">\n\t\t\t\t\t<h2 class=\"elementor-heading-title elementor-size-default\">#Parrillalovers<\/h2>\t\t\t\t<\/div>\n\t\t\t\t<\/div>\n\t\t\t\t<div class=\"elementor-element elementor-element-17e5be06 animated-slow elementor-invisible elementor-widget elementor-widget-heading\" data-id=\"17e5be06\" data-element_type=\"widget\" data-e-type=\"widget\" data-settings=\"{&quot;_animation&quot;:&quot;slideInUp&quot;}\" data-widget_type=\"heading.default\">\n\t\t\t\t<div class=\"elementor-widget-container\">\n\t\t\t\t\t<h2 class=\"elementor-heading-title elementor-size-default\">Muerde el anzuelo<\/h2>\t\t\t\t<\/div>\n\t\t\t\t<\/div>\n\t\t\t\t\t<\/div>\n\t\t\t\t<\/div>\n\t\t<div class=\"elementor-element elementor-element-1c104938 e-con-full e-flex e-con e-child\" data-id=\"1c104938\" data-element_type=\"container\" data-e-type=\"container\">\n\t\t<div class=\"elementor-element elementor-element-27a4f408 e-con-full e-flex e-con e-child\" data-id=\"27a4f408\" data-element_type=\"container\" data-e-type=\"container\">\n\t\t\t\t<div class=\"elementor-element elementor-element-53f8ebda elementor-widget__width-inherit elementor-widget-divider--view-line elementor-widget elementor-widget-divider\" data-id=\"53f8ebda\" data-element_type=\"widget\" data-e-type=\"widget\" data-widget_type=\"divider.default\">\n\t\t\t\t<div class=\"elementor-widget-container\">\n\t\t\t\t\t\t\t<div class=\"elementor-divider\">\n\t\t\t<span class=\"elementor-divider-separator\">\n\t\t\t\t\t\t<\/span>\n\t\t<\/div>\n\t\t\t\t\t\t<\/div>\n\t\t\t\t<\/div>\n\t\t\t\t<div class=\"elementor-element elementor-element-5f9d6d8e elementor-widget elementor-widget-heading\" data-id=\"5f9d6d8e\" data-element_type=\"widget\" data-e-type=\"widget\" data-widget_type=\"heading.default\">\n\t\t\t\t<div class=\"elementor-widget-container\">\n\t\t\t\t\t<h3 class=\"elementor-heading-title elementor-size-default\">Encuentranos aqu\u00ed<\/h3>\t\t\t\t<\/div>\n\t\t\t\t<\/div>\n\t\t\t\t<div class=\"elementor-element elementor-element-619602da elementor-align-center elementor-icon-list--layout-traditional elementor-list-item-link-full_width elementor-widget elementor-widget-icon-list\" data-id=\"619602da\" data-element_type=\"widget\" data-e-type=\"widget\" data-widget_type=\"icon-list.default\">\n\t\t\t\t<div class=\"elementor-widget-container\">\n\t\t\t\t\t\t\t<ul class=\"elementor-icon-list-items\">\n\t\t\t\t\t\t\t<li class=\"elementor-icon-list-item\">\n\t\t\t\t\t\t\t\t\t\t<span class=\"elementor-icon-list-text\">Understreet Market<\/span>\n\t\t\t\t\t\t\t\t\t<\/li>\n\t\t\t\t\t\t\t\t<li class=\"elementor-icon-list-item\">\n\t\t\t\t\t\t\t\t\t\t<span class=\"elementor-icon-list-text\">Calle del Nuncio 19<\/span>\n\t\t\t\t\t\t\t\t\t<\/li>\n\t\t\t\t\t\t\t\t<li class=\"elementor-icon-list-item\">\n\t\t\t\t\t\t\t\t\t\t<span class=\"elementor-icon-list-text\">28005 Madrid<\/span>\n\t\t\t\t\t\t\t\t\t<\/li>\n\t\t\t\t\t\t<\/ul>\n\t\t\t\t\t\t<\/div>\n\t\t\t\t<\/div>\n\t\t\t\t<div class=\"elementor-element elementor-element-c27d8e8 elementor-widget elementor-widget-image\" data-id=\"c27d8e8\" data-element_type=\"widget\" data-e-type=\"widget\" data-widget_type=\"image.default\">\n\t\t\t\t<div class=\"elementor-widget-container\">\n\t\t\t\t\t\t\t\t\t\t\t\t\t\t\t\t<a href=\"https:\/\/understreetmarket.com\/\">\n\t\t\t\t\t\t\t<img fetchpriority=\"high\" decoding=\"async\" width=\"1024\" height=\"865\" src=\"https:\/\/parrillastreet.com\/Home\/wp-content\/uploads\/2023\/12\/UNDERSTREETPNG-1024x865.png\" class=\"attachment-large size-large wp-image-312\" alt=\"\" srcset=\"https:\/\/parrillastreet.com\/Home\/wp-content\/uploads\/2023\/12\/UNDERSTREETPNG-1024x865.png 1024w, https:\/\/parrillastreet.com\/Home\/wp-content\/uploads\/2023\/12\/UNDERSTREETPNG-300x253.png 300w, https:\/\/parrillastreet.com\/Home\/wp-content\/uploads\/2023\/12\/UNDERSTREETPNG-768x648.png 768w, https:\/\/parrillastreet.com\/Home\/wp-content\/uploads\/2023\/12\/UNDERSTREETPNG.png 1105w\" sizes=\"(max-width: 1024px) 100vw, 1024px\" \/>\t\t\t\t\t\t\t\t<\/a>\n\t\t\t\t\t\t\t\t\t\t\t\t\t\t\t<\/div>\n\t\t\t\t<\/div>\n\t\t\t\t<\/div>\n\t\t<div class=\"elementor-element elementor-element-1023fc62 e-con-full e-flex e-con e-child\" data-id=\"1023fc62\" data-element_type=\"container\" data-e-type=\"container\">\n\t\t\t\t<div class=\"elementor-element elementor-element-2ecb4e41 elementor-widget__width-inherit elementor-widget-divider--view-line elementor-widget elementor-widget-divider\" data-id=\"2ecb4e41\" data-element_type=\"widget\" data-e-type=\"widget\" data-widget_type=\"divider.default\">\n\t\t\t\t<div class=\"elementor-widget-container\">\n\t\t\t\t\t\t\t<div class=\"elementor-divider\">\n\t\t\t<span class=\"elementor-divider-separator\">\n\t\t\t\t\t\t<\/span>\n\t\t<\/div>\n\t\t\t\t\t\t<\/div>\n\t\t\t\t<\/div>\n\t\t\t\t<div class=\"elementor-element elementor-element-13624cce elementor-widget elementor-widget-heading\" data-id=\"13624cce\" data-element_type=\"widget\" data-e-type=\"widget\" data-widget_type=\"heading.default\">\n\t\t\t\t<div class=\"elementor-widget-container\">\n\t\t\t\t\t<h3 class=\"elementor-heading-title elementor-size-default\">Cont\u00e1ctanos <\/h3>\t\t\t\t<\/div>\n\t\t\t\t<\/div>\n\t\t\t\t<div class=\"elementor-element elementor-element-45a40e46 elementor-align-center elementor-icon-list--layout-traditional elementor-list-item-link-full_width elementor-widget elementor-widget-icon-list\" data-id=\"45a40e46\" data-element_type=\"widget\" data-e-type=\"widget\" data-widget_type=\"icon-list.default\">\n\t\t\t\t<div class=\"elementor-widget-container\">\n\t\t\t\t\t\t\t<ul class=\"elementor-icon-list-items\">\n\t\t\t\t\t\t\t<li class=\"elementor-icon-list-item\">\n\t\t\t\t\t\t\t\t\t\t\t<a href=\"tel:213-200-5078%20\">\n\n\t\t\t\t\t\t\t\t\t\t\t<span class=\"elementor-icon-list-text\">+34 911 673 201<\/span>\n\t\t\t\t\t\t\t\t\t\t\t<\/a>\n\t\t\t\t\t\t\t\t\t<\/li>\n\t\t\t\t\t\t\t\t<li class=\"elementor-icon-list-item\">\n\t\t\t\t\t\t\t\t\t\t\t<a href=\"mailto:kevinclarkfit@training.com\">\n\n\t\t\t\t\t\t\t\t\t\t\t<span class=\"elementor-icon-list-text\">tellme@understreetmarket.com<\/span>\n\t\t\t\t\t\t\t\t\t\t\t<\/a>\n\t\t\t\t\t\t\t\t\t<\/li>\n\t\t\t\t\t\t\t\t<li class=\"elementor-icon-list-item\">\n\t\t\t\t\t\t\t\t\t\t\t<a href=\"https:\/\/www.instagram.com\/parrilla_street\/\">\n\n\t\t\t\t\t\t\t\t\t\t\t\t<span class=\"elementor-icon-list-icon\">\n\t\t\t\t\t\t\t<svg aria-hidden=\"true\" class=\"e-font-icon-svg e-fab-instagram\" viewBox=\"0 0 448 512\" xmlns=\"http:\/\/www.w3.org\/2000\/svg\"><path d=\"M224.1 141c-63.6 0-114.9 51.3-114.9 114.9s51.3 114.9 114.9 114.9S339 319.5 339 255.9 287.7 141 224.1 141zm0 189.6c-41.1 0-74.7-33.5-74.7-74.7s33.5-74.7 74.7-74.7 74.7 33.5 74.7 74.7-33.6 74.7-74.7 74.7zm146.4-194.3c0 14.9-12 26.8-26.8 26.8-14.9 0-26.8-12-26.8-26.8s12-26.8 26.8-26.8 26.8 12 26.8 26.8zm76.1 27.2c-1.7-35.9-9.9-67.7-36.2-93.9-26.2-26.2-58-34.4-93.9-36.2-37-2.1-147.9-2.1-184.9 0-35.8 1.7-67.6 9.9-93.9 36.1s-34.4 58-36.2 93.9c-2.1 37-2.1 147.9 0 184.9 1.7 35.9 9.9 67.7 36.2 93.9s58 34.4 93.9 36.2c37 2.1 147.9 2.1 184.9 0 35.9-1.7 67.7-9.9 93.9-36.2 26.2-26.2 34.4-58 36.2-93.9 2.1-37 2.1-147.8 0-184.8zM398.8 388c-7.8 19.6-22.9 34.7-42.6 42.6-29.5 11.7-99.5 9-132.1 9s-102.7 2.6-132.1-9c-19.6-7.8-34.7-22.9-42.6-42.6-11.7-29.5-9-99.5-9-132.1s-2.6-102.7 9-132.1c7.8-19.6 22.9-34.7 42.6-42.6 29.5-11.7 99.5-9 132.1-9s102.7-2.6 132.1 9c19.6 7.8 34.7 22.9 42.6 42.6 11.7 29.5 9 99.5 9 132.1s2.7 102.7-9 132.1z\"><\/path><\/svg>\t\t\t\t\t\t<\/span>\n\t\t\t\t\t\t\t\t\t\t<span class=\"elementor-icon-list-text\">@parrilla_street<\/span>\n\t\t\t\t\t\t\t\t\t\t\t<\/a>\n\t\t\t\t\t\t\t\t\t<\/li>\n\t\t\t\t\t\t<\/ul>\n\t\t\t\t\t\t<\/div>\n\t\t\t\t<\/div>\n\t\t\t\t<div class=\"elementor-element elementor-element-cbd8d20 elementor-widget elementor-widget-image\" data-id=\"cbd8d20\" data-element_type=\"widget\" data-e-type=\"widget\" data-widget_type=\"image.default\">\n\t\t\t\t<div class=\"elementor-widget-container\">\n\t\t\t\t\t\t\t\t\t\t\t\t\t\t\t<img decoding=\"async\" width=\"1024\" height=\"1007\" data-src=\"https:\/\/parrillastreet.com\/Home\/wp-content\/uploads\/2023\/12\/PARRILLASTREETPSTSinnombres-1024x1007.png\" class=\"attachment-large size-large wp-image-18 lazyload\" alt=\"Parrilla Street\" data-srcset=\"https:\/\/parrillastreet.com\/Home\/wp-content\/uploads\/2023\/12\/PARRILLASTREETPSTSinnombres-1024x1007.png 1024w, https:\/\/parrillastreet.com\/Home\/wp-content\/uploads\/2023\/12\/PARRILLASTREETPSTSinnombres-300x295.png 300w, https:\/\/parrillastreet.com\/Home\/wp-content\/uploads\/2023\/12\/PARRILLASTREETPSTSinnombres-768x756.png 768w, https:\/\/parrillastreet.com\/Home\/wp-content\/uploads\/2023\/12\/PARRILLASTREETPSTSinnombres-1536x1511.png 1536w, https:\/\/parrillastreet.com\/Home\/wp-content\/uploads\/2023\/12\/PARRILLASTREETPSTSinnombres-2048x2015.png 2048w\" data-sizes=\"(max-width: 1024px) 100vw, 1024px\" src=\"data:image\/svg+xml;base64,PHN2ZyB3aWR0aD0iMSIgaGVpZ2h0PSIxIiB4bWxucz0iaHR0cDovL3d3dy53My5vcmcvMjAwMC9zdmciPjwvc3ZnPg==\" style=\"--smush-placeholder-width: 1024px; --smush-placeholder-aspect-ratio: 1024\/1007;\" \/>\t\t\t\t\t\t\t\t\t\t\t\t\t\t\t<\/div>\n\t\t\t\t<\/div>\n\t\t\t\t<\/div>\n\t\t<div class=\"elementor-element elementor-element-62c5ffc0 e-con-full e-flex e-con e-child\" data-id=\"62c5ffc0\" data-element_type=\"container\" data-e-type=\"container\">\n\t\t\t\t<div class=\"elementor-element elementor-element-6e9b06c2 elementor-widget__width-inherit elementor-widget-divider--view-line elementor-widget elementor-widget-divider\" data-id=\"6e9b06c2\" data-element_type=\"widget\" data-e-type=\"widget\" data-widget_type=\"divider.default\">\n\t\t\t\t<div class=\"elementor-widget-container\">\n\t\t\t\t\t\t\t<div class=\"elementor-divider\">\n\t\t\t<span class=\"elementor-divider-separator\">\n\t\t\t\t\t\t<\/span>\n\t\t<\/div>\n\t\t\t\t\t\t<\/div>\n\t\t\t\t<\/div>\n\t\t\t\t<div class=\"elementor-element elementor-element-784417ca elementor-widget elementor-widget-heading\" data-id=\"784417ca\" data-element_type=\"widget\" data-e-type=\"widget\" data-widget_type=\"heading.default\">\n\t\t\t\t<div class=\"elementor-widget-container\">\n\t\t\t\t\t<h3 class=\"elementor-heading-title elementor-size-default\">Horario<\/h3>\t\t\t\t<\/div>\n\t\t\t\t<\/div>\n\t\t\t\t<div class=\"elementor-element elementor-element-120b3039 elementor-align-center elementor-icon-list--layout-traditional elementor-list-item-link-full_width elementor-widget elementor-widget-icon-list\" data-id=\"120b3039\" data-element_type=\"widget\" data-e-type=\"widget\" data-widget_type=\"icon-list.default\">\n\t\t\t\t<div class=\"elementor-widget-container\">\n\t\t\t\t\t\t\t<ul class=\"elementor-icon-list-items\">\n\t\t\t\t\t\t\t<li class=\"elementor-icon-list-item\">\n\t\t\t\t\t\t\t\t\t\t<span class=\"elementor-icon-list-text\">Lunes a Martes<\/span>\n\t\t\t\t\t\t\t\t\t<\/li>\n\t\t\t\t\t\t\t\t<li class=\"elementor-icon-list-item\">\n\t\t\t\t\t\t\t\t\t\t<span class=\"elementor-icon-list-text\">13:00-17:00 | 20:00-23:30<\/span>\n\t\t\t\t\t\t\t\t\t<\/li>\n\t\t\t\t\t\t\t\t<li class=\"elementor-icon-list-item\">\n\t\t\t\t\t\t\t\t\t\t<span class=\"elementor-icon-list-text\">Mi\u00e9rcoles <\/span>\n\t\t\t\t\t\t\t\t\t<\/li>\n\t\t\t\t\t\t\t\t<li class=\"elementor-icon-list-item\">\n\t\t\t\t\t\t\t\t\t\t<span class=\"elementor-icon-list-text\">20:00-23:30<\/span>\n\t\t\t\t\t\t\t\t\t<\/li>\n\t\t\t\t\t\t\t\t<li class=\"elementor-icon-list-item\">\n\t\t\t\t\t\t\t\t\t\t<span class=\"elementor-icon-list-text\">Jueves<\/span>\n\t\t\t\t\t\t\t\t\t<\/li>\n\t\t\t\t\t\t\t\t<li class=\"elementor-icon-list-item\">\n\t\t\t\t\t\t\t\t\t\t<span class=\"elementor-icon-list-text\">13:00-17:00 | 20:00-23:30<\/span>\n\t\t\t\t\t\t\t\t\t<\/li>\n\t\t\t\t\t\t\t\t<li class=\"elementor-icon-list-item\">\n\t\t\t\t\t\t\t\t\t\t<span class=\"elementor-icon-list-text\">Viernes y Domingos<\/span>\n\t\t\t\t\t\t\t\t\t<\/li>\n\t\t\t\t\t\t\t\t<li class=\"elementor-icon-list-item\">\n\t\t\t\t\t\t\t\t\t\t<span class=\"elementor-icon-list-text\">13:00-23:30<\/span>\n\t\t\t\t\t\t\t\t\t<\/li>\n\t\t\t\t\t\t<\/ul>\n\t\t\t\t\t\t<\/div>\n\t\t\t\t<\/div>\n\t\t\t\t<\/div>\n\t\t\t\t<\/div>\n\t\t\t\t\t<\/div>\n\t\t\t\t<\/div>\n\t\t<div class=\"elementor-element elementor-element-29e4b1d2 e-con-full e-flex e-con e-parent\" data-id=\"29e4b1d2\" data-element_type=\"container\" data-e-type=\"container\">\n\t\t\t\t<div class=\"elementor-element elementor-element-72f8b01f elementor-widget elementor-widget-google_maps\" data-id=\"72f8b01f\" data-element_type=\"widget\" data-e-type=\"widget\" data-widget_type=\"google_maps.default\">\n\t\t\t\t<div class=\"elementor-widget-container\">\n\t\t\t\t\t\t\t<div class=\"elementor-custom-embed\">\n\t\t\t<iframe\n\t\t\t\t\tdata-src=\"https:\/\/maps.google.com\/maps?q=calle%20del%20nuncio%2019%2028005%20madrid&#038;t=m&#038;z=15&#038;output=embed&#038;iwloc=near\"\n\t\t\t\t\ttitle=\"calle del nuncio 19 28005 madrid\"\n\t\t\t\t\taria-label=\"calle del nuncio 19 28005 madrid\"\n\t\t\t src=\"data:image\/svg+xml;base64,PHN2ZyB3aWR0aD0iMSIgaGVpZ2h0PSIxIiB4bWxucz0iaHR0cDovL3d3dy53My5vcmcvMjAwMC9zdmciPjwvc3ZnPg==\" class=\"lazyload\" data-load-mode=\"1\"><\/iframe>\n\t\t<\/div>\n\t\t\t\t\t\t<\/div>\n\t\t\t\t<\/div>\n\t\t\t\t<\/div>\n\t\t\t\t<\/div>\n\t\t","protected":false},"excerpt":{"rendered":"<p>#Parrillalovers Muerde el anzuelo Encuentranos aqu\u00ed Understreet Market Calle del Nuncio 19 28005 Madrid Cont\u00e1ctanos +34 911 673 201 tellme@understreetmarket.com @parrilla_street Horario Lunes a Martes 13:00-17:00 | 20:00-23:30 Mi\u00e9rcoles 20:00-23:30 Jueves 13:00-17:00 | 20:00-23:30 Viernes y Domingos 13:00-23:30<\/p>\n","protected":false},"author":1,"featured_media":0,"parent":0,"menu_order":0,"comment_status":"closed","ping_status":"closed","template":"","meta":{"site-sidebar-layout":"no-sidebar","site-content-layout":"","ast-site-content-layout":"full-width-container","site-content-style":"default","site-sidebar-style":"default","ast-global-header-display":"","ast-banner-title-visibility":"","ast-main-header-display":"","ast-hfb-above-header-display":"","ast-hfb-below-header-display":"","ast-hfb-mobile-header-display":"","site-post-title":"disabled","ast-breadcrumbs-content":"","ast-featured-img":"","footer-sml-layout":"","ast-disable-related-posts":"","theme-transparent-header-meta":"","adv-header-id-meta":"","stick-header-meta":"","header-above-stick-meta":"","header-main-stick-meta":"","header-below-stick-meta":"","astra-migrate-meta-layouts":"default","ast-page-background-enabled":"default","ast-page-background-meta":{"desktop":{"background-color":"var(--ast-global-color-4)","background-image":"","background-repeat":"repeat","background-position":"center center","background-size":"auto","background-attachment":"scroll","background-type":"","background-media":"","overlay-type":"","overlay-color":"","overlay-opacity":"","overlay-gradient":""},"tablet":{"background-color":"","background-image":"","background-repeat":"repeat","background-position":"center center","background-size":"auto","background-attachment":"scroll","background-type":"","background-media":"","overlay-type":"","overlay-color":"","overlay-opacity":"","overlay-gradient":""},"mobile":{"background-color":"","background-image":"","background-repeat":"repeat","background-position":"center center","background-size":"auto","background-attachment":"scroll","background-type":"","background-media":"","overlay-type":"","overlay-color":"","overlay-opacity":"","overlay-gradient":""}},"ast-content-background-meta":{"desktop":{"background-color":"var(--ast-global-color-5)","background-image":"","background-repeat":"repeat","background-position":"center center","background-size":"auto","background-attachment":"scroll","background-type":"","background-media":"","overlay-type":"","overlay-color":"","overlay-opacity":"","overlay-gradient":""},"tablet":{"background-color":"var(--ast-global-color-5)","background-image":"","background-repeat":"repeat","background-position":"center center","background-size":"auto","background-attachment":"scroll","background-type":"","background-media":"","overlay-type":"","overlay-color":"","overlay-opacity":"","overlay-gradient":""},"mobile":{"background-color":"var(--ast-global-color-5)","background-image":"","background-repeat":"repeat","background-position":"center center","background-size":"auto","background-attachment":"scroll","background-type":"","background-media":"","overlay-type":"","overlay-color":"","overlay-opacity":"","overlay-gradient":""}},"footnotes":""},"class_list":["post-241","page","type-page","status-publish","hentry"],"yoast_head":"<!-- This site is optimized with the Yoast SEO plugin v27.4 - https:\/\/yoast.com\/product\/yoast-seo-wordpress\/ -->\n<title>localizacion - Parrilla Street<\/title>\n<meta name=\"description\" content=\"Parrilla Street se encuentra ubicado en el barrio La Latina, en el Madrid de los Austrias. Reserva tu mesa!!!\" \/>\n<meta name=\"robots\" content=\"index, follow, max-snippet:-1, max-image-preview:large, max-video-preview:-1\" \/>\n<link rel=\"canonical\" href=\"https:\/\/parrillastreet.com\/Home\/parrilla-street-localizacion\/\" \/>\n<meta property=\"og:locale\" content=\"es_ES\" \/>\n<meta property=\"og:type\" content=\"article\" \/>\n<meta property=\"og:title\" content=\"localizacion - Parrilla Street\" \/>\n<meta property=\"og:description\" content=\"Parrilla Street se encuentra ubicado en el barrio La Latina, en el Madrid de los Austrias. Reserva tu mesa!!!\" \/>\n<meta property=\"og:url\" content=\"https:\/\/parrillastreet.com\/Home\/parrilla-street-localizacion\/\" \/>\n<meta property=\"og:site_name\" content=\"Parrilla Street\" \/>\n<meta property=\"article:modified_time\" content=\"2025-03-29T18:31:31+00:00\" \/>\n<meta property=\"og:image\" content=\"https:\/\/parrillastreet.com\/Home\/wp-content\/uploads\/2023\/12\/UNDERSTREETPNG-1024x865.png\" \/>\n<meta name=\"twitter:card\" content=\"summary_large_image\" \/>\n<meta name=\"twitter:label1\" content=\"Tiempo de lectura\" \/>\n\t<meta name=\"twitter:data1\" content=\"1 minuto\" \/>\n<script type=\"application\/ld+json\" class=\"yoast-schema-graph\">{\"@context\":\"https:\\\/\\\/schema.org\",\"@graph\":[{\"@type\":\"WebPage\",\"@id\":\"https:\\\/\\\/parrillastreet.com\\\/Home\\\/parrilla-street-localizacion\\\/\",\"url\":\"https:\\\/\\\/parrillastreet.com\\\/Home\\\/parrilla-street-localizacion\\\/\",\"name\":\"localizacion - Parrilla Street\",\"isPartOf\":{\"@id\":\"https:\\\/\\\/parrillastreet.com\\\/Home\\\/#website\"},\"primaryImageOfPage\":{\"@id\":\"https:\\\/\\\/parrillastreet.com\\\/Home\\\/parrilla-street-localizacion\\\/#primaryimage\"},\"image\":{\"@id\":\"https:\\\/\\\/parrillastreet.com\\\/Home\\\/parrilla-street-localizacion\\\/#primaryimage\"},\"thumbnailUrl\":\"https:\\\/\\\/parrillastreet.com\\\/Home\\\/wp-content\\\/uploads\\\/2023\\\/12\\\/UNDERSTREETPNG-1024x865.png\",\"datePublished\":\"2023-12-18T18:45:28+00:00\",\"dateModified\":\"2025-03-29T18:31:31+00:00\",\"description\":\"Parrilla Street se encuentra ubicado en el barrio La Latina, en el Madrid de los Austrias. Reserva tu mesa!!!\",\"breadcrumb\":{\"@id\":\"https:\\\/\\\/parrillastreet.com\\\/Home\\\/parrilla-street-localizacion\\\/#breadcrumb\"},\"inLanguage\":\"es\",\"potentialAction\":[{\"@type\":\"ReadAction\",\"target\":[\"https:\\\/\\\/parrillastreet.com\\\/Home\\\/parrilla-street-localizacion\\\/\"]}]},{\"@type\":\"ImageObject\",\"inLanguage\":\"es\",\"@id\":\"https:\\\/\\\/parrillastreet.com\\\/Home\\\/parrilla-street-localizacion\\\/#primaryimage\",\"url\":\"https:\\\/\\\/parrillastreet.com\\\/Home\\\/wp-content\\\/uploads\\\/2023\\\/12\\\/UNDERSTREETPNG.png\",\"contentUrl\":\"https:\\\/\\\/parrillastreet.com\\\/Home\\\/wp-content\\\/uploads\\\/2023\\\/12\\\/UNDERSTREETPNG.png\",\"width\":1105,\"height\":933},{\"@type\":\"BreadcrumbList\",\"@id\":\"https:\\\/\\\/parrillastreet.com\\\/Home\\\/parrilla-street-localizacion\\\/#breadcrumb\",\"itemListElement\":[{\"@type\":\"ListItem\",\"position\":1,\"name\":\"Portada\",\"item\":\"https:\\\/\\\/parrillastreet.com\\\/Home\\\/\"},{\"@type\":\"ListItem\",\"position\":2,\"name\":\"localizacion\"}]},{\"@type\":\"WebSite\",\"@id\":\"https:\\\/\\\/parrillastreet.com\\\/Home\\\/#website\",\"url\":\"https:\\\/\\\/parrillastreet.com\\\/Home\\\/\",\"name\":\"Parrilla Street\",\"description\":\"Authentic Organic Parrilla\",\"publisher\":{\"@id\":\"https:\\\/\\\/parrillastreet.com\\\/Home\\\/#organization\"},\"potentialAction\":[{\"@type\":\"SearchAction\",\"target\":{\"@type\":\"EntryPoint\",\"urlTemplate\":\"https:\\\/\\\/parrillastreet.com\\\/Home\\\/?s={search_term_string}\"},\"query-input\":{\"@type\":\"PropertyValueSpecification\",\"valueRequired\":true,\"valueName\":\"search_term_string\"}}],\"inLanguage\":\"es\"},{\"@type\":\"Organization\",\"@id\":\"https:\\\/\\\/parrillastreet.com\\\/Home\\\/#organization\",\"name\":\"Parrilla Street\",\"url\":\"https:\\\/\\\/parrillastreet.com\\\/Home\\\/\",\"logo\":{\"@type\":\"ImageObject\",\"inLanguage\":\"es\",\"@id\":\"https:\\\/\\\/parrillastreet.com\\\/Home\\\/#\\\/schema\\\/logo\\\/image\\\/\",\"url\":\"https:\\\/\\\/parrillastreet.com\\\/Home\\\/wp-content\\\/uploads\\\/2023\\\/12\\\/cropped-PARRILLASTREETPSTSinnombres-1.png\",\"contentUrl\":\"https:\\\/\\\/parrillastreet.com\\\/Home\\\/wp-content\\\/uploads\\\/2023\\\/12\\\/cropped-PARRILLASTREETPSTSinnombres-1.png\",\"width\":4875,\"height\":4441,\"caption\":\"Parrilla Street\"},\"image\":{\"@id\":\"https:\\\/\\\/parrillastreet.com\\\/Home\\\/#\\\/schema\\\/logo\\\/image\\\/\"}}]}<\/script>\n<!-- \/ Yoast SEO plugin. -->","yoast_head_json":{"title":"localizacion - Parrilla Street","description":"Parrilla Street se encuentra ubicado en el barrio La Latina, en el Madrid de los Austrias. Reserva tu mesa!!!","robots":{"index":"index","follow":"follow","max-snippet":"max-snippet:-1","max-image-preview":"max-image-preview:large","max-video-preview":"max-video-preview:-1"},"canonical":"https:\/\/parrillastreet.com\/Home\/parrilla-street-localizacion\/","og_locale":"es_ES","og_type":"article","og_title":"localizacion - Parrilla Street","og_description":"Parrilla Street se encuentra ubicado en el barrio La Latina, en el Madrid de los Austrias. Reserva tu mesa!!!","og_url":"https:\/\/parrillastreet.com\/Home\/parrilla-street-localizacion\/","og_site_name":"Parrilla Street","article_modified_time":"2025-03-29T18:31:31+00:00","og_image":[{"url":"https:\/\/parrillastreet.com\/Home\/wp-content\/uploads\/2023\/12\/UNDERSTREETPNG-1024x865.png","type":"","width":"","height":""}],"twitter_card":"summary_large_image","twitter_misc":{"Tiempo de lectura":"1 minuto"},"schema":{"@context":"https:\/\/schema.org","@graph":[{"@type":"WebPage","@id":"https:\/\/parrillastreet.com\/Home\/parrilla-street-localizacion\/","url":"https:\/\/parrillastreet.com\/Home\/parrilla-street-localizacion\/","name":"localizacion - Parrilla Street","isPartOf":{"@id":"https:\/\/parrillastreet.com\/Home\/#website"},"primaryImageOfPage":{"@id":"https:\/\/parrillastreet.com\/Home\/parrilla-street-localizacion\/#primaryimage"},"image":{"@id":"https:\/\/parrillastreet.com\/Home\/parrilla-street-localizacion\/#primaryimage"},"thumbnailUrl":"https:\/\/parrillastreet.com\/Home\/wp-content\/uploads\/2023\/12\/UNDERSTREETPNG-1024x865.png","datePublished":"2023-12-18T18:45:28+00:00","dateModified":"2025-03-29T18:31:31+00:00","description":"Parrilla Street se encuentra ubicado en el barrio La Latina, en el Madrid de los Austrias. Reserva tu mesa!!!","breadcrumb":{"@id":"https:\/\/parrillastreet.com\/Home\/parrilla-street-localizacion\/#breadcrumb"},"inLanguage":"es","potentialAction":[{"@type":"ReadAction","target":["https:\/\/parrillastreet.com\/Home\/parrilla-street-localizacion\/"]}]},{"@type":"ImageObject","inLanguage":"es","@id":"https:\/\/parrillastreet.com\/Home\/parrilla-street-localizacion\/#primaryimage","url":"https:\/\/parrillastreet.com\/Home\/wp-content\/uploads\/2023\/12\/UNDERSTREETPNG.png","contentUrl":"https:\/\/parrillastreet.com\/Home\/wp-content\/uploads\/2023\/12\/UNDERSTREETPNG.png","width":1105,"height":933},{"@type":"BreadcrumbList","@id":"https:\/\/parrillastreet.com\/Home\/parrilla-street-localizacion\/#breadcrumb","itemListElement":[{"@type":"ListItem","position":1,"name":"Portada","item":"https:\/\/parrillastreet.com\/Home\/"},{"@type":"ListItem","position":2,"name":"localizacion"}]},{"@type":"WebSite","@id":"https:\/\/parrillastreet.com\/Home\/#website","url":"https:\/\/parrillastreet.com\/Home\/","name":"Parrilla Street","description":"Authentic Organic Parrilla","publisher":{"@id":"https:\/\/parrillastreet.com\/Home\/#organization"},"potentialAction":[{"@type":"SearchAction","target":{"@type":"EntryPoint","urlTemplate":"https:\/\/parrillastreet.com\/Home\/?s={search_term_string}"},"query-input":{"@type":"PropertyValueSpecification","valueRequired":true,"valueName":"search_term_string"}}],"inLanguage":"es"},{"@type":"Organization","@id":"https:\/\/parrillastreet.com\/Home\/#organization","name":"Parrilla Street","url":"https:\/\/parrillastreet.com\/Home\/","logo":{"@type":"ImageObject","inLanguage":"es","@id":"https:\/\/parrillastreet.com\/Home\/#\/schema\/logo\/image\/","url":"https:\/\/parrillastreet.com\/Home\/wp-content\/uploads\/2023\/12\/cropped-PARRILLASTREETPSTSinnombres-1.png","contentUrl":"https:\/\/parrillastreet.com\/Home\/wp-content\/uploads\/2023\/12\/cropped-PARRILLASTREETPSTSinnombres-1.png","width":4875,"height":4441,"caption":"Parrilla Street"},"image":{"@id":"https:\/\/parrillastreet.com\/Home\/#\/schema\/logo\/image\/"}}]}},"_links":{"self":[{"href":"https:\/\/parrillastreet.com\/Home\/wp-json\/wp\/v2\/pages\/241","targetHints":{"allow":["GET"]}}],"collection":[{"href":"https:\/\/parrillastreet.com\/Home\/wp-json\/wp\/v2\/pages"}],"about":[{"href":"https:\/\/parrillastreet.com\/Home\/wp-json\/wp\/v2\/types\/page"}],"author":[{"embeddable":true,"href":"https:\/\/parrillastreet.com\/Home\/wp-json\/wp\/v2\/users\/1"}],"replies":[{"embeddable":true,"href":"https:\/\/parrillastreet.com\/Home\/wp-json\/wp\/v2\/comments?post=241"}],"version-history":[{"count":16,"href":"https:\/\/parrillastreet.com\/Home\/wp-json\/wp\/v2\/pages\/241\/revisions"}],"predecessor-version":[{"id":715,"href":"https:\/\/parrillastreet.com\/Home\/wp-json\/wp\/v2\/pages\/241\/revisions\/715"}],"wp:attachment":[{"href":"https:\/\/parrillastreet.com\/Home\/wp-json\/wp\/v2\/media?parent=241"}],"curies":[{"name":"wp","href":"https:\/\/api.w.org\/{rel}","templated":true}]}}