{"id":250,"date":"2023-12-18T19:14:12","date_gmt":"2023-12-18T19:14:12","guid":{"rendered":"https:\/\/parrillastreet.com\/Home\/?page_id=250"},"modified":"2023-12-18T19:41:37","modified_gmt":"2023-12-18T19:41:37","slug":"quienes-somos","status":"publish","type":"page","link":"https:\/\/parrillastreet.com\/Home\/quienes-somos\/","title":{"rendered":"Nosotros"},"content":{"rendered":"\t\t<div data-elementor-type=\"wp-page\" data-elementor-id=\"250\" class=\"elementor elementor-250\" data-elementor-post-type=\"page\">\n\t\t\t\t<div class=\"elementor-element elementor-element-4f70e02 e-flex e-con-boxed e-con e-parent\" data-id=\"4f70e02\" data-element_type=\"container\" data-e-type=\"container\" data-settings=\"{&quot;background_background&quot;:&quot;classic&quot;}\">\n\t\t\t\t\t<div class=\"e-con-inner\">\n\t\t\t\t\t<\/div>\n\t\t\t\t<\/div>\n\t\t<div class=\"elementor-element elementor-element-1b9affaf e-flex e-con-boxed e-con e-parent\" data-id=\"1b9affaf\" data-element_type=\"container\" data-e-type=\"container\" data-settings=\"{&quot;background_background&quot;:&quot;classic&quot;}\">\n\t\t\t\t\t<div class=\"e-con-inner\">\n\t\t\t\t<div class=\"elementor-element elementor-element-1df821b9 animated-slow elementor-invisible elementor-widget elementor-widget-heading\" data-id=\"1df821b9\" data-element_type=\"widget\" data-e-type=\"widget\" data-settings=\"{&quot;_animation&quot;:&quot;slideInUp&quot;}\" data-widget_type=\"heading.default\">\n\t\t\t\t<div class=\"elementor-widget-container\">\n\t\t\t\t\t<h2 class=\"elementor-heading-title elementor-size-default\">Organic Grill<\/h2>\t\t\t\t<\/div>\n\t\t\t\t<\/div>\n\t\t\t\t<div class=\"elementor-element elementor-element-44172ad6 animated-slow elementor-invisible elementor-widget elementor-widget-heading\" data-id=\"44172ad6\" data-element_type=\"widget\" data-e-type=\"widget\" data-settings=\"{&quot;_animation&quot;:&quot;slideInUp&quot;}\" data-widget_type=\"heading.default\">\n\t\t\t\t<div class=\"elementor-widget-container\">\n\t\t\t\t\t<h2 class=\"elementor-heading-title elementor-size-default\">Sabor marcado a fuego, brasa y humo<\/h2>\t\t\t\t<\/div>\n\t\t\t\t<\/div>\n\t\t\t\t\t<\/div>\n\t\t\t\t<\/div>\n\t\t<div class=\"elementor-element elementor-element-54faa54a e-flex e-con-boxed e-con e-parent\" data-id=\"54faa54a\" data-element_type=\"container\" data-e-type=\"container\" data-settings=\"{&quot;background_background&quot;:&quot;classic&quot;}\">\n\t\t\t\t\t<div class=\"e-con-inner\">\n\t\t\t\t<div class=\"elementor-element elementor-element-426e826c elementor-widget elementor-widget-image-box\" data-id=\"426e826c\" data-element_type=\"widget\" data-e-type=\"widget\" data-widget_type=\"image-box.default\">\n\t\t\t\t<div class=\"elementor-widget-container\">\n\t\t\t\t\t<div class=\"elementor-image-box-wrapper\"><div class=\"elementor-image-box-content\"><h3 class=\"elementor-image-box-title\">#parrillalovers<\/h3><p class=\"elementor-image-box-description\">En Parilla Street estamos despertando lo m\u00e1s primitivo y lo mas primordial de la cocina: la magia del fuego! Jugar con fuego es para los valientes, para los atrevidos, para los m\u00e1s carn\u00edvoros. Pero vamos m\u00e1s all\u00e1 y te invitamos descubrir m\u00e1s sabores a la brasa de la cocina de diferentes partes del mundo.<\/p><\/div><\/div>\t\t\t\t<\/div>\n\t\t\t\t<\/div>\n\t\t\t\t<div class=\"elementor-element elementor-element-2751481f elementor-widget__width-initial elementor-widget elementor-widget-image-box\" data-id=\"2751481f\" data-element_type=\"widget\" data-e-type=\"widget\" data-widget_type=\"image-box.default\">\n\t\t\t\t<div class=\"elementor-widget-container\">\n\t\t\t\t\t<div class=\"elementor-image-box-wrapper\"><div class=\"elementor-image-box-content\"><h3 class=\"elementor-image-box-title\">Manifiesto<\/h3><p class=\"elementor-image-box-description\">-Organico <br> -Local <br> -Sostenible <br> -Para chuparse los huesos <br>\n\n\n\n\n\n<\/p><\/div><\/div>\t\t\t\t<\/div>\n\t\t\t\t<\/div>\n\t\t\t\t\t<\/div>\n\t\t\t\t<\/div>\n\t\t\t\t<\/div>\n\t\t","protected":false},"excerpt":{"rendered":"<p>Organic Grill Sabor marcado a fuego, brasa y humo #parrillalovers En Parilla Street estamos despertando lo m\u00e1s primitivo y lo mas primordial de la cocina: la magia del fuego! Jugar con fuego es para los valientes, para los atrevidos, para los m\u00e1s carn\u00edvoros. Pero vamos m\u00e1s all\u00e1 y te invitamos descubrir m\u00e1s sabores a la [&hellip;]<\/p>\n","protected":false},"author":1,"featured_media":0,"parent":0,"menu_order":0,"comment_status":"closed","ping_status":"closed","template":"","meta":{"site-sidebar-layout":"no-sidebar","site-content-layout":"","ast-site-content-layout":"full-width-container","site-content-style":"default","site-sidebar-style":"default","ast-global-header-display":"","ast-banner-title-visibility":"","ast-main-header-display":"","ast-hfb-above-header-display":"","ast-hfb-below-header-display":"","ast-hfb-mobile-header-display":"","site-post-title":"disabled","ast-breadcrumbs-content":"","ast-featured-img":"disabled","footer-sml-layout":"","ast-disable-related-posts":"","theme-transparent-header-meta":"","adv-header-id-meta":"","stick-header-meta":"","header-above-stick-meta":"","header-main-stick-meta":"","header-below-stick-meta":"","astra-migrate-meta-layouts":"default","ast-page-background-enabled":"default","ast-page-background-meta":{"desktop":{"background-color":"var(--ast-global-color-4)","background-image":"","background-repeat":"repeat","background-position":"center center","background-size":"auto","background-attachment":"scroll","background-type":"","background-media":"","overlay-type":"","overlay-color":"","overlay-opacity":"","overlay-gradient":""},"tablet":{"background-color":"","background-image":"","background-repeat":"repeat","background-position":"center center","background-size":"auto","background-attachment":"scroll","background-type":"","background-media":"","overlay-type":"","overlay-color":"","overlay-opacity":"","overlay-gradient":""},"mobile":{"background-color":"","background-image":"","background-repeat":"repeat","background-position":"center center","background-size":"auto","background-attachment":"scroll","background-type":"","background-media":"","overlay-type":"","overlay-color":"","overlay-opacity":"","overlay-gradient":""}},"ast-content-background-meta":{"desktop":{"background-color":"var(--ast-global-color-5)","background-image":"","background-repeat":"repeat","background-position":"center center","background-size":"auto","background-attachment":"scroll","background-type":"","background-media":"","overlay-type":"","overlay-color":"","overlay-opacity":"","overlay-gradient":""},"tablet":{"background-color":"var(--ast-global-color-5)","background-image":"","background-repeat":"repeat","background-position":"center center","background-size":"auto","background-attachment":"scroll","background-type":"","background-media":"","overlay-type":"","overlay-color":"","overlay-opacity":"","overlay-gradient":""},"mobile":{"background-color":"var(--ast-global-color-5)","background-image":"","background-repeat":"repeat","background-position":"center center","background-size":"auto","background-attachment":"scroll","background-type":"","background-media":"","overlay-type":"","overlay-color":"","overlay-opacity":"","overlay-gradient":""}},"footnotes":""},"class_list":["post-250","page","type-page","status-publish","hentry"],"yoast_head":"<!-- This site is optimized with the Yoast SEO plugin v27.4 - https:\/\/yoast.com\/product\/yoast-seo-wordpress\/ -->\n<title>Nosotros - Parrilla Street<\/title>\n<meta name=\"description\" content=\"En Parilla Street estamos despertando lo m\u00e1s primitivo y lo mas primordial de la cocina: la magia del fuego! Reserva tu mesa y ven a morder\" \/>\n<meta name=\"robots\" content=\"index, follow, max-snippet:-1, max-image-preview:large, max-video-preview:-1\" \/>\n<link rel=\"canonical\" href=\"https:\/\/parrillastreet.com\/Home\/quienes-somos\/\" \/>\n<meta property=\"og:locale\" content=\"es_ES\" \/>\n<meta property=\"og:type\" content=\"article\" \/>\n<meta property=\"og:title\" content=\"Nosotros - Parrilla Street\" \/>\n<meta property=\"og:description\" content=\"En Parilla Street estamos despertando lo m\u00e1s primitivo y lo mas primordial de la cocina: la magia del fuego! Reserva tu mesa y ven a morder\" \/>\n<meta property=\"og:url\" content=\"https:\/\/parrillastreet.com\/Home\/quienes-somos\/\" \/>\n<meta property=\"og:site_name\" content=\"Parrilla Street\" \/>\n<meta property=\"article:modified_time\" content=\"2023-12-18T19:41:37+00:00\" \/>\n<meta name=\"twitter:card\" content=\"summary_large_image\" \/>\n<meta name=\"twitter:label1\" content=\"Tiempo de lectura\" \/>\n\t<meta name=\"twitter:data1\" content=\"1 minuto\" \/>\n<script type=\"application\/ld+json\" class=\"yoast-schema-graph\">{\"@context\":\"https:\\\/\\\/schema.org\",\"@graph\":[{\"@type\":\"WebPage\",\"@id\":\"https:\\\/\\\/parrillastreet.com\\\/Home\\\/quienes-somos\\\/\",\"url\":\"https:\\\/\\\/parrillastreet.com\\\/Home\\\/quienes-somos\\\/\",\"name\":\"Nosotros - Parrilla Street\",\"isPartOf\":{\"@id\":\"https:\\\/\\\/parrillastreet.com\\\/Home\\\/#website\"},\"datePublished\":\"2023-12-18T19:14:12+00:00\",\"dateModified\":\"2023-12-18T19:41:37+00:00\",\"description\":\"En Parilla Street estamos despertando lo m\u00e1s primitivo y lo mas primordial de la cocina: la magia del fuego! Reserva tu mesa y ven a morder\",\"breadcrumb\":{\"@id\":\"https:\\\/\\\/parrillastreet.com\\\/Home\\\/quienes-somos\\\/#breadcrumb\"},\"inLanguage\":\"es\",\"potentialAction\":[{\"@type\":\"ReadAction\",\"target\":[\"https:\\\/\\\/parrillastreet.com\\\/Home\\\/quienes-somos\\\/\"]}]},{\"@type\":\"BreadcrumbList\",\"@id\":\"https:\\\/\\\/parrillastreet.com\\\/Home\\\/quienes-somos\\\/#breadcrumb\",\"itemListElement\":[{\"@type\":\"ListItem\",\"position\":1,\"name\":\"Portada\",\"item\":\"https:\\\/\\\/parrillastreet.com\\\/Home\\\/\"},{\"@type\":\"ListItem\",\"position\":2,\"name\":\"Nosotros\"}]},{\"@type\":\"WebSite\",\"@id\":\"https:\\\/\\\/parrillastreet.com\\\/Home\\\/#website\",\"url\":\"https:\\\/\\\/parrillastreet.com\\\/Home\\\/\",\"name\":\"Parrilla Street\",\"description\":\"Authentic Organic Parrilla\",\"publisher\":{\"@id\":\"https:\\\/\\\/parrillastreet.com\\\/Home\\\/#organization\"},\"potentialAction\":[{\"@type\":\"SearchAction\",\"target\":{\"@type\":\"EntryPoint\",\"urlTemplate\":\"https:\\\/\\\/parrillastreet.com\\\/Home\\\/?s={search_term_string}\"},\"query-input\":{\"@type\":\"PropertyValueSpecification\",\"valueRequired\":true,\"valueName\":\"search_term_string\"}}],\"inLanguage\":\"es\"},{\"@type\":\"Organization\",\"@id\":\"https:\\\/\\\/parrillastreet.com\\\/Home\\\/#organization\",\"name\":\"Parrilla Street\",\"url\":\"https:\\\/\\\/parrillastreet.com\\\/Home\\\/\",\"logo\":{\"@type\":\"ImageObject\",\"inLanguage\":\"es\",\"@id\":\"https:\\\/\\\/parrillastreet.com\\\/Home\\\/#\\\/schema\\\/logo\\\/image\\\/\",\"url\":\"https:\\\/\\\/parrillastreet.com\\\/Home\\\/wp-content\\\/uploads\\\/2023\\\/12\\\/cropped-PARRILLASTREETPSTSinnombres-1.png\",\"contentUrl\":\"https:\\\/\\\/parrillastreet.com\\\/Home\\\/wp-content\\\/uploads\\\/2023\\\/12\\\/cropped-PARRILLASTREETPSTSinnombres-1.png\",\"width\":4875,\"height\":4441,\"caption\":\"Parrilla Street\"},\"image\":{\"@id\":\"https:\\\/\\\/parrillastreet.com\\\/Home\\\/#\\\/schema\\\/logo\\\/image\\\/\"}}]}<\/script>\n<!-- \/ Yoast SEO plugin. -->","yoast_head_json":{"title":"Nosotros - Parrilla Street","description":"En Parilla Street estamos despertando lo m\u00e1s primitivo y lo mas primordial de la cocina: la magia del fuego! Reserva tu mesa y ven a morder","robots":{"index":"index","follow":"follow","max-snippet":"max-snippet:-1","max-image-preview":"max-image-preview:large","max-video-preview":"max-video-preview:-1"},"canonical":"https:\/\/parrillastreet.com\/Home\/quienes-somos\/","og_locale":"es_ES","og_type":"article","og_title":"Nosotros - Parrilla Street","og_description":"En Parilla Street estamos despertando lo m\u00e1s primitivo y lo mas primordial de la cocina: la magia del fuego! Reserva tu mesa y ven a morder","og_url":"https:\/\/parrillastreet.com\/Home\/quienes-somos\/","og_site_name":"Parrilla Street","article_modified_time":"2023-12-18T19:41:37+00:00","twitter_card":"summary_large_image","twitter_misc":{"Tiempo de lectura":"1 minuto"},"schema":{"@context":"https:\/\/schema.org","@graph":[{"@type":"WebPage","@id":"https:\/\/parrillastreet.com\/Home\/quienes-somos\/","url":"https:\/\/parrillastreet.com\/Home\/quienes-somos\/","name":"Nosotros - Parrilla Street","isPartOf":{"@id":"https:\/\/parrillastreet.com\/Home\/#website"},"datePublished":"2023-12-18T19:14:12+00:00","dateModified":"2023-12-18T19:41:37+00:00","description":"En Parilla Street estamos despertando lo m\u00e1s primitivo y lo mas primordial de la cocina: la magia del fuego! Reserva tu mesa y ven a morder","breadcrumb":{"@id":"https:\/\/parrillastreet.com\/Home\/quienes-somos\/#breadcrumb"},"inLanguage":"es","potentialAction":[{"@type":"ReadAction","target":["https:\/\/parrillastreet.com\/Home\/quienes-somos\/"]}]},{"@type":"BreadcrumbList","@id":"https:\/\/parrillastreet.com\/Home\/quienes-somos\/#breadcrumb","itemListElement":[{"@type":"ListItem","position":1,"name":"Portada","item":"https:\/\/parrillastreet.com\/Home\/"},{"@type":"ListItem","position":2,"name":"Nosotros"}]},{"@type":"WebSite","@id":"https:\/\/parrillastreet.com\/Home\/#website","url":"https:\/\/parrillastreet.com\/Home\/","name":"Parrilla Street","description":"Authentic Organic Parrilla","publisher":{"@id":"https:\/\/parrillastreet.com\/Home\/#organization"},"potentialAction":[{"@type":"SearchAction","target":{"@type":"EntryPoint","urlTemplate":"https:\/\/parrillastreet.com\/Home\/?s={search_term_string}"},"query-input":{"@type":"PropertyValueSpecification","valueRequired":true,"valueName":"search_term_string"}}],"inLanguage":"es"},{"@type":"Organization","@id":"https:\/\/parrillastreet.com\/Home\/#organization","name":"Parrilla Street","url":"https:\/\/parrillastreet.com\/Home\/","logo":{"@type":"ImageObject","inLanguage":"es","@id":"https:\/\/parrillastreet.com\/Home\/#\/schema\/logo\/image\/","url":"https:\/\/parrillastreet.com\/Home\/wp-content\/uploads\/2023\/12\/cropped-PARRILLASTREETPSTSinnombres-1.png","contentUrl":"https:\/\/parrillastreet.com\/Home\/wp-content\/uploads\/2023\/12\/cropped-PARRILLASTREETPSTSinnombres-1.png","width":4875,"height":4441,"caption":"Parrilla Street"},"image":{"@id":"https:\/\/parrillastreet.com\/Home\/#\/schema\/logo\/image\/"}}]}},"_links":{"self":[{"href":"https:\/\/parrillastreet.com\/Home\/wp-json\/wp\/v2\/pages\/250","targetHints":{"allow":["GET"]}}],"collection":[{"href":"https:\/\/parrillastreet.com\/Home\/wp-json\/wp\/v2\/pages"}],"about":[{"href":"https:\/\/parrillastreet.com\/Home\/wp-json\/wp\/v2\/types\/page"}],"author":[{"embeddable":true,"href":"https:\/\/parrillastreet.com\/Home\/wp-json\/wp\/v2\/users\/1"}],"replies":[{"embeddable":true,"href":"https:\/\/parrillastreet.com\/Home\/wp-json\/wp\/v2\/comments?post=250"}],"version-history":[{"count":7,"href":"https:\/\/parrillastreet.com\/Home\/wp-json\/wp\/v2\/pages\/250\/revisions"}],"predecessor-version":[{"id":261,"href":"https:\/\/parrillastreet.com\/Home\/wp-json\/wp\/v2\/pages\/250\/revisions\/261"}],"wp:attachment":[{"href":"https:\/\/parrillastreet.com\/Home\/wp-json\/wp\/v2\/media?parent=250"}],"curies":[{"name":"wp","href":"https:\/\/api.w.org\/{rel}","templated":true}]}}